{"id":3661,"date":"2024-09-19T06:39:37","date_gmt":"2024-09-19T06:39:37","guid":{"rendered":"https:\/\/gerstlauer.com\/protection-des-donnees\/"},"modified":"2024-12-06T11:56:12","modified_gmt":"2024-12-06T11:56:12","slug":"protection-des-donnees","status":"publish","type":"page","link":"https:\/\/gerstlauer.com\/fr\/protection-des-donnees\/","title":{"rendered":"Protection des donn\u00e9es"},"content":{"rendered":"<p><div class=\"fusion-fullwidth fullwidth-box fusion-builder-row-1 fusion-flex-container has-pattern-background has-mask-background fusion-parallax-none nonhundred-percent-fullwidth non-hundred-percent-height-scrolling lazyload\" style=\"--link_hover_color: var(--awb-color5);--link_color: var(--awb-color5);--awb-border-color:var(--awb-color1);--awb-border-radius-top-left:0px;--awb-border-radius-top-right:0px;--awb-border-radius-bottom-right:0px;--awb-border-radius-bottom-left:0px;--awb-padding-top:250px;--awb-padding-top-medium:185px;--awb-padding-top-small:149px;--awb-padding-right-small:40px;--awb-padding-left-small:40px;--awb-margin-bottom-medium:0px;--awb-margin-bottom-small:60px;--awb-background-image:linear-gradient(152deg, hsla(var(--awb-color8-h),var(--awb-color8-s),var(--awb-color8-l),calc(var(--awb-color8-a) - 60%)) 0%,hsla(var(--awb-color8-h),var(--awb-color8-s),var(--awb-color8-l),calc(var(--awb-color8-a) - 60%)) 70%);;--awb-background-size:cover;--awb-flex-wrap:wrap;\" data-bg=\"https:\/\/gerstlauer.com\/wp-content\/uploads\/2024\/09\/3.Logistics-Solutions-e1726565330485.webp\" data-bg-gradient=\"linear-gradient(152deg, hsla(var(--awb-color8-h),var(--awb-color8-s),var(--awb-color8-l),calc(var(--awb-color8-a) - 60%)) 0%,hsla(var(--awb-color8-h),var(--awb-color8-s),var(--awb-color8-l),calc(var(--awb-color8-a) - 60%)) 70%)\" ><div class=\"awb-background-mask\" style=\"background-image:  url(data:image\/svg+xml;utf8,%3Csvg%20width%3D%221920%22%20height%3D%22954%22%20fill%3D%22none%22%20xmlns%3D%22http%3A%2F%2Fwww.w3.org%2F2000%2Fsvg%22%3E%3Cg%20clip-path%3D%22url%28%23prefix__clip0_75_23031%29%22%20fill%3D%22rgba%2811%2C48%2C86%2C0.5%29%22%3E%3Cpath%20d%3D%22M1321.57%20538C1357.08%20287.516%201273.7%2089.91%201127-.418L1374.18-6c65.77%20100.68-15.89%20431.512-52.61%20544zM312%20955c432.242%200%20746.77-180.667%20850-271-90.34%20157.09-176.766%20246.121-208.688%20271H312z%22%20fill%3D%22rgba%2811%2C49%2C87%2C1%29%22%20fill-opacity%3D%22.25%22%2F%3E%3Cpath%20d%3D%22M1344.5%20427c0-252.4-212.67-390.833-319-428.5H1373c70%2082.4%2010.17%20320-28.5%20428.5z%22%20fill%3D%22rgba%2811%2C49%2C87%2C1%29%22%20fill-opacity%3D%22.1%22%2F%3E%3Cpath%20fill-rule%3D%22evenodd%22%20clip-rule%3D%22evenodd%22%20d%3D%22M839.644%20954C1138.37%20793.549%201337%20508.902%201337%20184.5c0-63.218-7.54-124.926-21.9-184.5H1920v954H839.644zm0%200C676.842%201041.44%20484.311%201092%20278%201092c-584.87%200-1059-406.302-1059-907.5S-306.87-723%20278-723c511.098%200%20937.63%20310.269%201037.1%20723H0v954h839.644z%22%20fill%3D%22rgba%2811%2C49%2C87%2C1%29%22%20fill-opacity%3D%22.5%22%2F%3E%3Cpath%20fill-rule%3D%22evenodd%22%20clip-rule%3D%22evenodd%22%20d%3D%22M1011.55%20954C1221.42%20793.95%201353%20564.007%201353%20308.5c0-108.584-23.76-212.552-67.2-308.5H1920v954h-908.45zm0%200c-187.291%20142.83-436.933%20230-711.05%20230C-280.78%201184-752%20792.025-752%20308.5S-280.78-567%20300.5-567c450.743%200%20835.31%20235.692%20985.3%20567H0v954h1011.55z%22%2F%3E%3C%2Fg%3E%3Cdefs%3E%3CclipPath%20id%3D%22prefix__clip0_75_23031%22%3E%3Cpath%20fill%3D%22%23fff%22%20d%3D%22M0%200h1920v954H0z%22%2F%3E%3C%2FclipPath%3E%3C%2Fdefs%3E%3C%2Fsvg%3E);opacity: 1 ;transform: scale(-1, -1);\"><\/div><div class=\"fusion-builder-row fusion-row fusion-flex-align-items-center fusion-flex-content-wrap\" style=\"max-width:1248px;margin-left: calc(-4% \/ 2 );margin-right: calc(-4% \/ 2 );\"><div class=\"fusion-layout-column fusion_builder_column fusion-builder-column-0 fusion_builder_column_2_3 2_3 fusion-flex-column fusion-animated\" style=\"--awb-padding-bottom-medium:0px;--awb-bg-size:cover;--awb-width-large:66.6666666667%;--awb-margin-top-large:0px;--awb-spacing-right-large:2.88%;--awb-margin-bottom-large:0px;--awb-spacing-left-large:55px;--awb-width-medium:66.6666666667%;--awb-order-medium:0;--awb-spacing-right-medium:2.88%;--awb-spacing-left-medium:20px;--awb-width-small:100%;--awb-order-small:0;--awb-spacing-right-small:1.92%;--awb-spacing-left-small:20px;\" data-animationType=\"fadeInRight\" data-animationDuration=\"1.3\" data-animationOffset=\"top-into-view\"><div class=\"fusion-column-wrapper fusion-column-has-shadow fusion-flex-justify-content-flex-start fusion-content-layout-column\"><div class=\"fusion-title title fusion-title-1 fusion-no-small-visibility fusion-sep-none fusion-title-text fusion-title-size-one\" style=\"--awb-text-color:var(--awb-color1);--awb-margin-bottom:30px;--awb-font-size:50px;\"><h1 class=\"fusion-title-heading title-heading-left fusion-responsive-typography-calculated\" style=\"margin:0;font-size:1em;--fontSize:50;line-height:1.1;\"><strong>Protection des donn\u00e9es<\/strong><\/h1><\/div><div class=\"fusion-title title fusion-title-2 fusion-no-medium-visibility fusion-no-large-visibility fusion-sep-none fusion-title-text fusion-title-size-one\" style=\"--awb-text-color:var(--awb-color1);--awb-margin-bottom:30px;--awb-font-size:40px;\"><h1 class=\"fusion-title-heading title-heading-left fusion-responsive-typography-calculated\" style=\"margin:0;font-size:1em;--fontSize:40;line-height:1.1;\"><strong>Protection des donn\u00e9es<\/strong><\/h1><\/div><\/div><\/div><div class=\"fusion-layout-column fusion_builder_column fusion-builder-column-1 fusion_builder_column_2_3 2_3 fusion-flex-column fusion-animated\" style=\"--awb-padding-bottom-medium:0px;--awb-bg-size:cover;--awb-width-large:66.6666666667%;--awb-margin-top-large:0px;--awb-spacing-right-large:2.88%;--awb-margin-bottom-large:0px;--awb-spacing-left-large:55px;--awb-width-medium:66.6666666667%;--awb-order-medium:0;--awb-spacing-right-medium:2.88%;--awb-spacing-left-medium:20px;--awb-width-small:100%;--awb-order-small:0;--awb-margin-top-small:11px;--awb-spacing-right-small:1.92%;--awb-spacing-left-small:20px;\" data-animationType=\"fadeInRight\" data-animationDuration=\"1.3\" data-animationOffset=\"top-into-view\"><div class=\"fusion-column-wrapper fusion-column-has-shadow fusion-flex-justify-content-flex-start fusion-content-layout-column\"><\/div><\/div><div class=\"fusion-layout-column fusion_builder_column fusion-builder-column-2 fusion_builder_column_1_1 1_1 fusion-flex-column\" style=\"--awb-bg-size:cover;--awb-width-large:100%;--awb-margin-top-large:120px;--awb-spacing-right-large:1.92%;--awb-margin-bottom-large:0px;--awb-spacing-left-large:1.92%;--awb-width-medium:100%;--awb-order-medium:0;--awb-spacing-right-medium:1.92%;--awb-spacing-left-medium:1.92%;--awb-width-small:100%;--awb-order-small:0;--awb-margin-top-small:91px;--awb-spacing-right-small:1.92%;--awb-spacing-left-small:1.92%;\"><div class=\"fusion-column-wrapper fusion-column-has-shadow fusion-flex-justify-content-flex-start fusion-content-layout-column\"><div class=\"fusion-section-separator section-separator big-half-circle fusion-section-separator-1\" style=\"--awb-spacer-height:50px;--awb-svg-margin-left:1.92%;--awb-svg-margin-right:1.92%;--awb-svg-margin-left-medium:1.92%;--awb-svg-margin-right-medium:1.92%;--awb-svg-margin-left-small:1.92%;--awb-svg-margin-right-small:1.92%;--awb-divider-height:50px;--awb-spacer-padding-top:inherit;--awb-divider-height-small:30px;--awb-spacer-height-small:30px;--awb-sep-padding:0;--awb-svg-padding:0;--awb-margin-bottom:-2px;\"><div class=\"fusion-section-separator-svg\"><svg class=\"fusion-big-half-circle-candy\" xmlns=\"http:\/\/www.w3.org\/2000\/svg\" version=\"1.1\" width=\"100%\" height=\"100\" viewBox=\"0 0 100 100\" preserveAspectRatio=\"none\" fill=\"rgba(255,255,255,1)\"><path d=\"M0 100 C40 0 60 0 100 100 Z\"><\/path><\/svg><\/div><div class=\"fusion-section-separator-spacer\"><div class=\"fusion-section-separator-spacer-height\"><\/div><\/div><\/div><\/div><\/div><\/div><\/div><div class=\"fusion-fullwidth fullwidth-box fusion-builder-row-2 fusion-flex-container has-pattern-background nonhundred-percent-fullwidth non-hundred-percent-height-scrolling\" style=\"--awb-background-position:left top;--awb-border-sizes-top:0px;--awb-border-sizes-bottom:0px;--awb-border-sizes-left:0px;--awb-border-sizes-right:0px;--awb-border-radius-top-left:0px;--awb-border-radius-top-right:0px;--awb-border-radius-bottom-right:0px;--awb-border-radius-bottom-left:0px;--awb-padding-top:110px;--awb-padding-bottom:66px;--awb-padding-top-medium:90px;--awb-padding-bottom-medium:90px;--awb-padding-top-small:10px;--awb-margin-bottom-medium:0px;--awb-background-color:var(--awb-color1);--awb-flex-wrap:wrap;\" ><div class=\"fusion-builder-row fusion-row fusion-flex-align-items-stretch fusion-flex-justify-content-center fusion-flex-content-wrap\" style=\"max-width:calc( 1200px + 100px );margin-left: calc(-100px \/ 2 );margin-right: calc(-100px \/ 2 );\"><div class=\"fusion-layout-column fusion_builder_column fusion-builder-column-3 fusion_builder_column_4_5 4_5 fusion-flex-column fusion-flex-align-self-flex-start fusion-column-no-min-height\" style=\"--awb-bg-blend:overlay;--awb-bg-size:cover;--awb-width-large:80%;--awb-margin-top-large:3px;--awb-spacing-right-large:50px;--awb-margin-bottom-large:0px;--awb-spacing-left-large:50px;--awb-width-medium:80%;--awb-spacing-right-medium:50px;--awb-spacing-left-medium:50px;--awb-width-small:100%;--awb-spacing-right-small:50px;--awb-spacing-left-small:50px;\"><div class=\"fusion-column-wrapper fusion-flex-justify-content-center fusion-content-layout-column\"><div class=\"fusion-title title fusion-title-3 fusion-sep-none fusion-title-text fusion-title-size-three\" style=\"--awb-margin-right:20px;--awb-margin-bottom:0px;--awb-margin-left:20px;\"><h3 class=\"fusion-title-heading title-heading-left fusion-responsive-typography-calculated\" style=\"margin:0;--fontSize:37;line-height:var(--awb-typography1-line-height);\">D\u00e9claration de confidentialit\u00e9<\/h3><\/div><div class=\"fusion-title title fusion-title-4 fusion-sep-none fusion-title-text fusion-title-size-paragraph\" style=\"--awb-margin-top:20px;--awb-margin-right:20px;--awb-margin-bottom:0px;--awb-margin-left:20px;\"><p class=\"fusion-title-heading title-heading-left title-heading-tag fusion-responsive-typography-calculated\" style=\"margin:0;--fontSize:17;--minFontSize:17;line-height:var(--awb-typography4-line-height);\"><header class=\"item_header\">\n<p>La s\u00e9curit\u00e9 et la protection des donn\u00e9es personnelles (ci-apr\u00e8s d\u00e9nomm\u00e9es \u00ab\u00a0donn\u00e9es\u00a0\u00bb) sont prises tr\u00e8s au s\u00e9rieux par GERSTLAUER Spedition + Logistik GmbH (ci-apr\u00e8s d\u00e9nomm\u00e9e \u00ab\u00a0GERSTLAUER\u00a0\u00bb). Nous respectons toutes les lois applicables en mati\u00e8re de protection des donn\u00e9es lors de la collecte, du traitement et de l\u2019utilisation (ci-apr\u00e8s d\u00e9nomm\u00e9s collectivement \u00ab\u00a0traitement\u00a0\u00bb) des donn\u00e9es. <\/p>\n<p>La pr\u00e9sente politique de confidentialit\u00e9 vous informe sur le traitement de vos donn\u00e9es lorsque vous visitez nos sites Internet <a href=\"http:\/\/www.gerstlauer.com\">www.gerstlauer.com,<\/a> <a href=\"http:\/\/www.gerstlauer-logistik.de\">www.gerstlauer-logistik.de,<\/a> <a href=\"http:\/\/www.gerstlauer-international.de\">www.gerstlauer-international.de,<\/a> <a href=\"http:\/\/www.gerstlauer.at\">www.gerstlauer.at,<\/a> <a href=\"http:\/\/www.gerstlauer.mobi\">www.gerstlauer.mobi<\/a> (ci-apr\u00e8s le \u00ab\u00a0site Internet\u00a0\u00bb) et lorsque vous utilisez d\u2019autres services propos\u00e9s par GERSTLAUER.\u00a0<\/p>\n<p>Nous nous r\u00e9servons le droit d\u2019apporter \u00e0 tout moment des modifications \u00e0 la pr\u00e9sente politique de confidentialit\u00e9. Nous publierons ces modifications sur notre site web. Toute modification prend effet d\u00e8s sa publication, sauf avis contraire. Nous vous conseillons donc de consulter r\u00e9guli\u00e8rement la pr\u00e9sente politique de confidentialit\u00e9 afin de v\u00e9rifier si des modifications y ont \u00e9t\u00e9 apport\u00e9es.   <\/p>\n<ol>\n<li> <strong> Donn\u00e9es personnelles et autres donn\u00e9es<\/strong><br \/>Les donn\u00e9es personnelles sont des informations concernant une personne en particulier ou des informations qui permettent de l\u2019identifier, directement ou indirectement, par exemple \u00e0 l\u2019aide d\u2019un num\u00e9ro d\u2019identification ou de caract\u00e9ristiques d\u2019identit\u00e9 physique, physiologique, mentale, \u00e9conomique, culturelle ou sociale, telles que le nom, le lieu de r\u00e9sidence, le num\u00e9ro de t\u00e9l\u00e9phone ou l\u2019adresse \u00e9lectronique.<\/li>\n<li> <strong> Traitement des donn\u00e9es<\/strong><br \/>Nous ne traitons vos donn\u00e9es que dans la mesure n\u00e9cessaire et autoris\u00e9e par la loi, c\u2019est-\u00e0-dire dans la mesure o\u00f9 cela est n\u00e9cessaire \u00e0 des fins contractuelles ou pour l\u2019utilisation de notre site web, ou si vous nous y autorisez express\u00e9ment. Il en va de m\u00eame pour l\u2019\u00e9change de donn\u00e9es au sein de notre groupe d\u2019entreprises. <\/li>\n<\/ol>\n<p><strong>Nous traitons vos donn\u00e9es en d\u00e9tail \u00e0 ces fins :<\/strong><\/p>\n<p><strong>2.1 Formulaire d\u2019enregistrement<\/strong><br \/>Le formulaire d\u2019enregistrement sur notre site web vous permet de cr\u00e9er un profil. Ce profil peut \u00eatre utilis\u00e9 pour le suivi et\/ou l\u2019enregistrement des envois. Il vous sera demand\u00e9 de fournir quelques informations sur vous-m\u00eame et sur votre entreprise.  \u00a0<\/p>\n<p>Nous n\u2019utilisons les donn\u00e9es collect\u00e9es avec le formulaire d\u2019inscription que pour fournir ces services suppl\u00e9mentaires.<\/p>\n<p><strong>2.2 Formulaire de contact<\/strong><br \/>Vous pouvez nous envoyer des questions via le formulaire de contact de notre site web. Pour r\u00e9pondre \u00e0 votre question, nous avons besoin de certaines informations de contact, comme votre num\u00e9ro de t\u00e9l\u00e9phone ou votre adresse e-mail. Les informations qui ne sont pas obligatoires sont marqu\u00e9es comme \u00ab\u00a0facultatives\u00a0\u00bb \u2013 vous pouvez nous envoyer votre question sans les informations en question.  \u00a0<br \/>Chaque demande est envoy\u00e9e \u00e0 notre si\u00e8ge social, o\u00f9 elle est transmise au service comp\u00e9tent chez GERSTLAUER, en respectant strictement le principe de n\u00e9cessit\u00e9.<br \/>Nous n\u2019utilisons les donn\u00e9es recueillies \u00e0 l\u2019aide du formulaire de contact que pour traiter votre demande.<\/p>\n<p><strong>2.3 Candidatures en ligne<\/strong><br \/>Vous pouvez nous envoyer votre candidature en ligne via le formulaire de candidature en ligne de notre site Internet. Chaque candidature re\u00e7ue est envoy\u00e9e \u00e0 notre si\u00e8ge social o\u00f9 elle est transmise au service comp\u00e9tent de GERSTLAUER, dans le strict respect du principe de n\u00e9cessit\u00e9.<br \/>Les donn\u00e9es que nous recevons par le biais de la candidature en ligne ne sont utilis\u00e9es que pour le traitement de votre candidature. <\/p>\n<ol start=\"4\">\n<li> <strong> Conservation des donn\u00e9es<\/strong><br \/>Vos donn\u00e9es ne seront conserv\u00e9es que le temps n\u00e9cessaire \u00e0 la r\u00e9alisation de l\u2019objectif pour lequel elles ont \u00e9t\u00e9 collect\u00e9es. Nous supprimons les donn\u00e9es qui ne sont plus n\u00e9cessaires, sauf si une p\u00e9riode de conservation l\u00e9gale s\u2019applique. Dans ce cas, les donn\u00e9es seront bloqu\u00e9es \u00e0 des fins autres que le respect de l\u2019obligation l\u00e9gale de conservation et seront supprim\u00e9es \u00e0 l\u2019expiration de la p\u00e9riode de conservation concern\u00e9e.  <\/li>\n<li> <strong> Droit d\u2019acc\u00e8s, de rectification et de suppression<\/strong><br \/>Vous pouvez demander \u00e0 savoir quelles donn\u00e9es vous concernant sont stock\u00e9es et \u00e0 faire corriger les donn\u00e9es erron\u00e9es. Vous pouvez \u00e9galement demander la suppression des donn\u00e9es qui ne sont plus n\u00e9cessaires aux fins pr\u00e9vues ou dont le traitement enfreint d\u2019une autre mani\u00e8re la l\u00e9gislation en vigueur en mati\u00e8re de protection des donn\u00e9es. <\/li>\n<\/ol>\n<\/header><\/p><\/div><\/div><\/div><\/div><\/div><\/p>\n","protected":false},"excerpt":{"rendered":"","protected":false},"author":1,"featured_media":0,"parent":0,"menu_order":0,"comment_status":"closed","ping_status":"closed","template":"100-width.php","meta":{"footnotes":""},"class_list":["post-3661","page","type-page","status-publish","hentry"],"yoast_head":"<!-- This site is optimized with the Yoast SEO plugin v26.9 - https:\/\/yoast.com\/product\/yoast-seo-wordpress\/ -->\n<title>Gerstlauer<\/title>\n<meta name=\"description\" content=\"Dans notre d\u00e9claration de confidentialit\u00e9, vous trouverez toutes les informations importantes sur la mani\u00e8re dont nous traitons les donn\u00e9es personnelles.\" \/>\n<meta name=\"robots\" content=\"noindex, follow\" \/>\n<meta property=\"og:locale\" content=\"fr_FR\" \/>\n<meta property=\"og:type\" content=\"article\" \/>\n<meta property=\"og:title\" content=\"Gerstlauer\" \/>\n<meta property=\"og:description\" content=\"Dans notre d\u00e9claration de confidentialit\u00e9, vous trouverez toutes les informations importantes sur la mani\u00e8re dont nous traitons les donn\u00e9es personnelles.\" \/>\n<meta property=\"og:url\" content=\"https:\/\/gerstlauer.com\/fr\/protection-des-donnees\/\" \/>\n<meta property=\"og:site_name\" content=\"Gerstlauer\" \/>\n<meta property=\"article:modified_time\" content=\"2024-12-06T11:56:12+00:00\" \/>\n<meta property=\"og:image\" content=\"https:\/\/gerstlauer.com\/wp-content\/uploads\/2024\/09\/Open-Graph-Image_Zeichenflache-1-scaled.jpg\" \/>\n\t<meta property=\"og:image:width\" content=\"2560\" \/>\n\t<meta property=\"og:image:height\" content=\"1440\" \/>\n\t<meta property=\"og:image:type\" content=\"image\/jpeg\" \/>\n<meta name=\"twitter:card\" content=\"summary_large_image\" \/>\n<meta name=\"twitter:label1\" content=\"Dur\u00e9e de lecture estim\u00e9e\" \/>\n\t<meta name=\"twitter:data1\" content=\"12 minutes\" \/>\n<script type=\"application\/ld+json\" class=\"yoast-schema-graph\">{\"@context\":\"https:\/\/schema.org\",\"@graph\":[{\"@type\":\"WebPage\",\"@id\":\"https:\/\/gerstlauer.com\/fr\/protection-des-donnees\/\",\"url\":\"https:\/\/gerstlauer.com\/fr\/protection-des-donnees\/\",\"name\":\"Gerstlauer\",\"isPartOf\":{\"@id\":\"https:\/\/gerstlauer.com\/fr\/#website\"},\"datePublished\":\"2024-09-19T06:39:37+00:00\",\"dateModified\":\"2024-12-06T11:56:12+00:00\",\"description\":\"Dans notre d\u00e9claration de confidentialit\u00e9, vous trouverez toutes les informations importantes sur la mani\u00e8re dont nous traitons les donn\u00e9es personnelles.\",\"breadcrumb\":{\"@id\":\"https:\/\/gerstlauer.com\/fr\/protection-des-donnees\/#breadcrumb\"},\"inLanguage\":\"fr-FR\",\"potentialAction\":[{\"@type\":\"ReadAction\",\"target\":[\"https:\/\/gerstlauer.com\/fr\/protection-des-donnees\/\"]}]},{\"@type\":\"BreadcrumbList\",\"@id\":\"https:\/\/gerstlauer.com\/fr\/protection-des-donnees\/#breadcrumb\",\"itemListElement\":[{\"@type\":\"ListItem\",\"position\":1,\"name\":\"Home\",\"item\":\"https:\/\/gerstlauer.com\/fr\/lancement\/\"},{\"@type\":\"ListItem\",\"position\":2,\"name\":\"Protection des donn\u00e9es\"}]},{\"@type\":\"WebSite\",\"@id\":\"https:\/\/gerstlauer.com\/fr\/#website\",\"url\":\"https:\/\/gerstlauer.com\/fr\/\",\"name\":\"Gerstlauer\",\"description\":\"\",\"potentialAction\":[{\"@type\":\"SearchAction\",\"target\":{\"@type\":\"EntryPoint\",\"urlTemplate\":\"https:\/\/gerstlauer.com\/fr\/?s={search_term_string}\"},\"query-input\":{\"@type\":\"PropertyValueSpecification\",\"valueRequired\":true,\"valueName\":\"search_term_string\"}}],\"inLanguage\":\"fr-FR\"}]}<\/script>\n<!-- \/ Yoast SEO plugin. -->","yoast_head_json":{"title":"Gerstlauer","description":"Dans notre d\u00e9claration de confidentialit\u00e9, vous trouverez toutes les informations importantes sur la mani\u00e8re dont nous traitons les donn\u00e9es personnelles.","robots":{"index":"noindex","follow":"follow"},"og_locale":"fr_FR","og_type":"article","og_title":"Gerstlauer","og_description":"Dans notre d\u00e9claration de confidentialit\u00e9, vous trouverez toutes les informations importantes sur la mani\u00e8re dont nous traitons les donn\u00e9es personnelles.","og_url":"https:\/\/gerstlauer.com\/fr\/protection-des-donnees\/","og_site_name":"Gerstlauer","article_modified_time":"2024-12-06T11:56:12+00:00","og_image":[{"width":2560,"height":1440,"url":"https:\/\/gerstlauer.com\/wp-content\/uploads\/2024\/09\/Open-Graph-Image_Zeichenflache-1-scaled.jpg","type":"image\/jpeg"}],"twitter_card":"summary_large_image","twitter_misc":{"Dur\u00e9e de lecture estim\u00e9e":"12 minutes"},"schema":{"@context":"https:\/\/schema.org","@graph":[{"@type":"WebPage","@id":"https:\/\/gerstlauer.com\/fr\/protection-des-donnees\/","url":"https:\/\/gerstlauer.com\/fr\/protection-des-donnees\/","name":"Gerstlauer","isPartOf":{"@id":"https:\/\/gerstlauer.com\/fr\/#website"},"datePublished":"2024-09-19T06:39:37+00:00","dateModified":"2024-12-06T11:56:12+00:00","description":"Dans notre d\u00e9claration de confidentialit\u00e9, vous trouverez toutes les informations importantes sur la mani\u00e8re dont nous traitons les donn\u00e9es personnelles.","breadcrumb":{"@id":"https:\/\/gerstlauer.com\/fr\/protection-des-donnees\/#breadcrumb"},"inLanguage":"fr-FR","potentialAction":[{"@type":"ReadAction","target":["https:\/\/gerstlauer.com\/fr\/protection-des-donnees\/"]}]},{"@type":"BreadcrumbList","@id":"https:\/\/gerstlauer.com\/fr\/protection-des-donnees\/#breadcrumb","itemListElement":[{"@type":"ListItem","position":1,"name":"Home","item":"https:\/\/gerstlauer.com\/fr\/lancement\/"},{"@type":"ListItem","position":2,"name":"Protection des donn\u00e9es"}]},{"@type":"WebSite","@id":"https:\/\/gerstlauer.com\/fr\/#website","url":"https:\/\/gerstlauer.com\/fr\/","name":"Gerstlauer","description":"","potentialAction":[{"@type":"SearchAction","target":{"@type":"EntryPoint","urlTemplate":"https:\/\/gerstlauer.com\/fr\/?s={search_term_string}"},"query-input":{"@type":"PropertyValueSpecification","valueRequired":true,"valueName":"search_term_string"}}],"inLanguage":"fr-FR"}]}},"_links":{"self":[{"href":"https:\/\/gerstlauer.com\/fr\/wp-json\/wp\/v2\/pages\/3661","targetHints":{"allow":["GET"]}}],"collection":[{"href":"https:\/\/gerstlauer.com\/fr\/wp-json\/wp\/v2\/pages"}],"about":[{"href":"https:\/\/gerstlauer.com\/fr\/wp-json\/wp\/v2\/types\/page"}],"author":[{"embeddable":true,"href":"https:\/\/gerstlauer.com\/fr\/wp-json\/wp\/v2\/users\/1"}],"replies":[{"embeddable":true,"href":"https:\/\/gerstlauer.com\/fr\/wp-json\/wp\/v2\/comments?post=3661"}],"version-history":[{"count":1,"href":"https:\/\/gerstlauer.com\/fr\/wp-json\/wp\/v2\/pages\/3661\/revisions"}],"predecessor-version":[{"id":3666,"href":"https:\/\/gerstlauer.com\/fr\/wp-json\/wp\/v2\/pages\/3661\/revisions\/3666"}],"wp:attachment":[{"href":"https:\/\/gerstlauer.com\/fr\/wp-json\/wp\/v2\/media?parent=3661"}],"curies":[{"name":"wp","href":"https:\/\/api.w.org\/{rel}","templated":true}]}}