{"id":3638,"date":"2024-09-18T13:56:11","date_gmt":"2024-09-18T13:56:11","guid":{"rendered":"https:\/\/gerstlauer.com\/mentions-legales\/"},"modified":"2024-12-06T11:56:12","modified_gmt":"2024-12-06T11:56:12","slug":"mentions-legales","status":"publish","type":"page","link":"https:\/\/gerstlauer.com\/fr\/mentions-legales\/","title":{"rendered":"Mentions l\u00e9gales"},"content":{"rendered":"<p><div class=\"fusion-fullwidth fullwidth-box fusion-builder-row-1 fusion-flex-container has-pattern-background has-mask-background fusion-parallax-none nonhundred-percent-fullwidth non-hundred-percent-height-scrolling lazyload\" style=\"--link_hover_color: var(--awb-color5);--link_color: var(--awb-color5);--awb-border-color:var(--awb-color1);--awb-border-radius-top-left:0px;--awb-border-radius-top-right:0px;--awb-border-radius-bottom-right:0px;--awb-border-radius-bottom-left:0px;--awb-padding-top:250px;--awb-padding-top-medium:185px;--awb-padding-top-small:149px;--awb-padding-right-small:40px;--awb-padding-left-small:40px;--awb-margin-bottom-medium:0px;--awb-margin-bottom-small:60px;--awb-background-image:linear-gradient(152deg, hsla(var(--awb-color8-h),var(--awb-color8-s),var(--awb-color8-l),calc(var(--awb-color8-a) - 60%)) 0%,hsla(var(--awb-color8-h),var(--awb-color8-s),var(--awb-color8-l),calc(var(--awb-color8-a) - 60%)) 70%);;--awb-background-size:cover;--awb-flex-wrap:wrap;\" data-bg=\"https:\/\/gerstlauer.com\/wp-content\/uploads\/2024\/09\/3.Logistics-Solutions-e1726565330485.webp\" data-bg-gradient=\"linear-gradient(152deg, hsla(var(--awb-color8-h),var(--awb-color8-s),var(--awb-color8-l),calc(var(--awb-color8-a) - 60%)) 0%,hsla(var(--awb-color8-h),var(--awb-color8-s),var(--awb-color8-l),calc(var(--awb-color8-a) - 60%)) 70%)\" ><div class=\"awb-background-mask\" style=\"background-image:  url(data:image\/svg+xml;utf8,%3Csvg%20width%3D%221920%22%20height%3D%22954%22%20fill%3D%22none%22%20xmlns%3D%22http%3A%2F%2Fwww.w3.org%2F2000%2Fsvg%22%3E%3Cg%20clip-path%3D%22url%28%23prefix__clip0_75_23031%29%22%20fill%3D%22rgba%2811%2C48%2C86%2C0.5%29%22%3E%3Cpath%20d%3D%22M1321.57%20538C1357.08%20287.516%201273.7%2089.91%201127-.418L1374.18-6c65.77%20100.68-15.89%20431.512-52.61%20544zM312%20955c432.242%200%20746.77-180.667%20850-271-90.34%20157.09-176.766%20246.121-208.688%20271H312z%22%20fill%3D%22rgba%2811%2C49%2C87%2C1%29%22%20fill-opacity%3D%22.25%22%2F%3E%3Cpath%20d%3D%22M1344.5%20427c0-252.4-212.67-390.833-319-428.5H1373c70%2082.4%2010.17%20320-28.5%20428.5z%22%20fill%3D%22rgba%2811%2C49%2C87%2C1%29%22%20fill-opacity%3D%22.1%22%2F%3E%3Cpath%20fill-rule%3D%22evenodd%22%20clip-rule%3D%22evenodd%22%20d%3D%22M839.644%20954C1138.37%20793.549%201337%20508.902%201337%20184.5c0-63.218-7.54-124.926-21.9-184.5H1920v954H839.644zm0%200C676.842%201041.44%20484.311%201092%20278%201092c-584.87%200-1059-406.302-1059-907.5S-306.87-723%20278-723c511.098%200%20937.63%20310.269%201037.1%20723H0v954h839.644z%22%20fill%3D%22rgba%2811%2C49%2C87%2C1%29%22%20fill-opacity%3D%22.5%22%2F%3E%3Cpath%20fill-rule%3D%22evenodd%22%20clip-rule%3D%22evenodd%22%20d%3D%22M1011.55%20954C1221.42%20793.95%201353%20564.007%201353%20308.5c0-108.584-23.76-212.552-67.2-308.5H1920v954h-908.45zm0%200c-187.291%20142.83-436.933%20230-711.05%20230C-280.78%201184-752%20792.025-752%20308.5S-280.78-567%20300.5-567c450.743%200%20835.31%20235.692%20985.3%20567H0v954h1011.55z%22%2F%3E%3C%2Fg%3E%3Cdefs%3E%3CclipPath%20id%3D%22prefix__clip0_75_23031%22%3E%3Cpath%20fill%3D%22%23fff%22%20d%3D%22M0%200h1920v954H0z%22%2F%3E%3C%2FclipPath%3E%3C%2Fdefs%3E%3C%2Fsvg%3E);opacity: 1 ;transform: scale(-1, -1);\"><\/div><div class=\"fusion-builder-row fusion-row fusion-flex-align-items-center fusion-flex-content-wrap\" style=\"max-width:1248px;margin-left: calc(-4% \/ 2 );margin-right: calc(-4% \/ 2 );\"><div class=\"fusion-layout-column fusion_builder_column fusion-builder-column-0 fusion_builder_column_2_3 2_3 fusion-flex-column fusion-animated\" style=\"--awb-padding-bottom-medium:0px;--awb-bg-size:cover;--awb-width-large:66.6666666667%;--awb-margin-top-large:0px;--awb-spacing-right-large:2.88%;--awb-margin-bottom-large:0px;--awb-spacing-left-large:55px;--awb-width-medium:66.6666666667%;--awb-order-medium:0;--awb-spacing-right-medium:2.88%;--awb-spacing-left-medium:20px;--awb-width-small:100%;--awb-order-small:0;--awb-spacing-right-small:1.92%;--awb-spacing-left-small:20px;\" data-animationType=\"fadeInRight\" data-animationDuration=\"1.3\" data-animationOffset=\"top-into-view\"><div class=\"fusion-column-wrapper fusion-column-has-shadow fusion-flex-justify-content-flex-start fusion-content-layout-column\"><div class=\"fusion-title title fusion-title-1 fusion-no-small-visibility fusion-sep-none fusion-title-text fusion-title-size-one\" style=\"--awb-text-color:var(--awb-color1);--awb-margin-bottom:30px;--awb-font-size:50px;\"><h1 class=\"fusion-title-heading title-heading-left fusion-responsive-typography-calculated\" style=\"margin:0;font-size:1em;--fontSize:50;line-height:1.1;\"><strong>Mentions l\u00e9gales<\/strong><\/h1><\/div><div class=\"fusion-title title fusion-title-2 fusion-no-medium-visibility fusion-no-large-visibility fusion-sep-none fusion-title-text fusion-title-size-one\" style=\"--awb-text-color:var(--awb-color1);--awb-margin-bottom:30px;--awb-font-size:40px;\"><h1 class=\"fusion-title-heading title-heading-left fusion-responsive-typography-calculated\" style=\"margin:0;font-size:1em;--fontSize:40;line-height:1.1;\"><strong>Votre partenaire pour le mouvement<\/strong><\/h1><\/div><\/div><\/div><div class=\"fusion-layout-column fusion_builder_column fusion-builder-column-1 fusion_builder_column_2_3 2_3 fusion-flex-column fusion-animated\" style=\"--awb-padding-bottom-medium:0px;--awb-bg-size:cover;--awb-width-large:66.6666666667%;--awb-margin-top-large:0px;--awb-spacing-right-large:2.88%;--awb-margin-bottom-large:0px;--awb-spacing-left-large:55px;--awb-width-medium:66.6666666667%;--awb-order-medium:0;--awb-spacing-right-medium:2.88%;--awb-spacing-left-medium:20px;--awb-width-small:100%;--awb-order-small:0;--awb-margin-top-small:11px;--awb-spacing-right-small:1.92%;--awb-spacing-left-small:20px;\" data-animationType=\"fadeInRight\" data-animationDuration=\"1.3\" data-animationOffset=\"top-into-view\"><div class=\"fusion-column-wrapper fusion-column-has-shadow fusion-flex-justify-content-flex-start fusion-content-layout-column\"><\/div><\/div><div class=\"fusion-layout-column fusion_builder_column fusion-builder-column-2 fusion_builder_column_1_1 1_1 fusion-flex-column\" style=\"--awb-bg-size:cover;--awb-width-large:100%;--awb-margin-top-large:120px;--awb-spacing-right-large:1.92%;--awb-margin-bottom-large:0px;--awb-spacing-left-large:1.92%;--awb-width-medium:100%;--awb-order-medium:0;--awb-spacing-right-medium:1.92%;--awb-spacing-left-medium:1.92%;--awb-width-small:100%;--awb-order-small:0;--awb-margin-top-small:91px;--awb-spacing-right-small:1.92%;--awb-spacing-left-small:1.92%;\"><div class=\"fusion-column-wrapper fusion-column-has-shadow fusion-flex-justify-content-flex-start fusion-content-layout-column\"><div class=\"fusion-section-separator section-separator big-half-circle fusion-section-separator-1\" style=\"--awb-spacer-height:50px;--awb-svg-margin-left:1.92%;--awb-svg-margin-right:1.92%;--awb-svg-margin-left-medium:1.92%;--awb-svg-margin-right-medium:1.92%;--awb-svg-margin-left-small:1.92%;--awb-svg-margin-right-small:1.92%;--awb-divider-height:50px;--awb-spacer-padding-top:inherit;--awb-divider-height-small:30px;--awb-spacer-height-small:30px;--awb-sep-padding:0;--awb-svg-padding:0;--awb-margin-bottom:-2px;\"><div class=\"fusion-section-separator-svg\"><svg class=\"fusion-big-half-circle-candy\" xmlns=\"http:\/\/www.w3.org\/2000\/svg\" version=\"1.1\" width=\"100%\" height=\"100\" viewBox=\"0 0 100 100\" preserveAspectRatio=\"none\" fill=\"rgba(255,255,255,1)\"><path d=\"M0 100 C40 0 60 0 100 100 Z\"><\/path><\/svg><\/div><div class=\"fusion-section-separator-spacer\"><div class=\"fusion-section-separator-spacer-height\"><\/div><\/div><\/div><\/div><\/div><\/div><\/div><div class=\"fusion-fullwidth fullwidth-box fusion-builder-row-2 fusion-flex-container has-pattern-background nonhundred-percent-fullwidth non-hundred-percent-height-scrolling\" style=\"--awb-background-position:left top;--awb-border-sizes-top:0px;--awb-border-sizes-bottom:0px;--awb-border-sizes-left:0px;--awb-border-sizes-right:0px;--awb-border-radius-top-left:0px;--awb-border-radius-top-right:0px;--awb-border-radius-bottom-right:0px;--awb-border-radius-bottom-left:0px;--awb-padding-top:110px;--awb-padding-bottom:66px;--awb-padding-top-medium:90px;--awb-padding-bottom-medium:90px;--awb-padding-top-small:10px;--awb-margin-bottom-medium:0px;--awb-background-color:var(--awb-color1);--awb-flex-wrap:wrap;\" ><div class=\"fusion-builder-row fusion-row fusion-flex-align-items-stretch fusion-flex-justify-content-center fusion-flex-content-wrap\" style=\"max-width:calc( 1200px + 100px );margin-left: calc(-100px \/ 2 );margin-right: calc(-100px \/ 2 );\"><div class=\"fusion-layout-column fusion_builder_column fusion-builder-column-3 fusion_builder_column_4_5 4_5 fusion-flex-column fusion-flex-align-self-flex-start fusion-column-no-min-height\" style=\"--awb-bg-blend:overlay;--awb-bg-size:cover;--awb-width-large:80%;--awb-margin-top-large:3px;--awb-spacing-right-large:50px;--awb-margin-bottom-large:0px;--awb-spacing-left-large:50px;--awb-width-medium:80%;--awb-spacing-right-medium:50px;--awb-spacing-left-medium:50px;--awb-width-small:100%;--awb-spacing-right-small:50px;--awb-spacing-left-small:50px;\"><div class=\"fusion-column-wrapper fusion-flex-justify-content-center fusion-content-layout-column\"><div class=\"fusion-title title fusion-title-3 fusion-sep-none fusion-title-text fusion-title-size-three\" style=\"--awb-margin-right:20px;--awb-margin-bottom:0px;--awb-margin-left:20px;\"><h3 class=\"fusion-title-heading title-heading-left fusion-responsive-typography-calculated\" style=\"margin:0;--fontSize:37;line-height:var(--awb-typography1-line-height);\">Mentions l\u00e9gales<\/h3><\/div><div class=\"fusion-title title fusion-title-4 fusion-sep-none fusion-title-text fusion-title-size-paragraph\" style=\"--awb-margin-top:20px;--awb-margin-right:20px;--awb-margin-bottom:0px;--awb-margin-left:20px;\"><p class=\"fusion-title-heading title-heading-left title-heading-tag fusion-responsive-typography-calculated\" style=\"margin:0;--fontSize:17;--minFontSize:17;line-height:var(--awb-typography4-line-height);\"><p><strong>GERSTLAUER Spedition + Logistik GmbH<\/strong><br \/>Emershofer Str. 10<br \/>89269 V\u00f6hringen<\/p>\n<p><strong>Repr\u00e9sent\u00e9 par :<br \/><\/strong>Christian Gerstlauer,<br \/>Directeur g\u00e9n\u00e9ral<\/p>\n<p><strong>Contact<br \/><\/strong>T\u00e9l\u00e9phone : +49 7306-30081-0<br \/>E-mail : <a href=\"mailto:info@gerstlauer.com\">info@gerstlauer.com<\/a><\/p>\n<p>\u00a0<\/p>\n<p><strong>GERSTLAUER International <br \/>Speditionsgesellschaft mbH<\/strong><br \/>Emershofer Str. 10<br \/>D- 89269 V\u00f6hringen<\/p>\n<p><strong>Repr\u00e9sent\u00e9 par :<br \/><\/strong>Guilherme Jos\u00e9 Beenken,<br \/>Directeur g\u00e9n\u00e9ral<\/p>\n<p><strong>Contact<br \/><\/strong>T\u00e9l\u00e9phone : +49 (0)7306 \u2013 30081-700<br \/>E-mail : <u><a href=\"mailto:g.beenken@gerstlauer-international.eu\">g.beenken@gerstlauer-international.eu<\/a><\/u><\/p>\n<p>\u00a0<\/p>\n<p><strong>Transports Gerstlauer France<\/strong><br \/>13 Rue Louis Armand<br \/>FR-67620 Soufflenheim<\/p>\n<p><strong>Repr\u00e9sent\u00e9 par :<br \/><\/strong>Alain Winling,<br \/>Directeur g\u00e9n\u00e9ral<\/p>\n<p><strong>Contact<br \/><\/strong>T\u00e9l\u00e9phone : +33(3)88 05 74 14<br \/>E-mail : <a href=\"mailto:alain.winling@gerstlauerfrance.com\"><u>alain.winling@gerstlauerfrance.com<\/u><\/a><\/p>\n<p>\u00a0<\/p>\n<p><strong>R\u00e8glement des litiges de l\u2019UE<br \/><\/strong>La Commission europ\u00e9enne met \u00e0 disposition une plateforme de r\u00e8glement des litiges en ligne (RLL) :<br \/><a href=\"https:\/\/ec.europa.eu\/consumers\/odr\/\">https:\/\/ec.europa.eu\/consumers\/odr\/.<\/a><br \/>Vous trouverez notre adresse \u00e9lectronique en haut de la page des mentions l\u00e9gales.<\/p>\n<p><strong>R\u00e8glement des litiges de consommation\/organisme universel de r\u00e8glement des<\/strong>litiges <strong><br \/> Nous ne sommes pas dispos\u00e9s ou oblig\u00e9s de participer \u00e0 des proc\u00e9dures de r\u00e8glement des litiges devant un organisme de r\u00e8glement des litiges de consommation.<\/strong><\/p><\/p><\/div><\/div><\/div><\/div><\/div><\/p>\n","protected":false},"excerpt":{"rendered":"","protected":false},"author":1,"featured_media":0,"parent":0,"menu_order":0,"comment_status":"closed","ping_status":"closed","template":"100-width.php","meta":{"footnotes":""},"class_list":["post-3638","page","type-page","status-publish","hentry"],"yoast_head":"<!-- This site is optimized with the Yoast SEO plugin v26.9 - https:\/\/yoast.com\/product\/yoast-seo-wordpress\/ -->\n<title>Gerstlauer<\/title>\n<meta name=\"description\" content=\"Dans nos mentions l\u00e9gales, vous trouverez toutes les informations de contact importantes concernant notre site web Gerstlauer Spedition + Logistik GmbH.\" \/>\n<meta name=\"robots\" content=\"noindex, follow\" \/>\n<meta property=\"og:locale\" content=\"fr_FR\" \/>\n<meta property=\"og:type\" content=\"article\" \/>\n<meta property=\"og:title\" content=\"Gerstlauer\" \/>\n<meta property=\"og:description\" content=\"Dans nos mentions l\u00e9gales, vous trouverez toutes les informations de contact importantes concernant notre site web Gerstlauer Spedition + Logistik GmbH.\" \/>\n<meta property=\"og:url\" content=\"https:\/\/gerstlauer.com\/fr\/mentions-legales\/\" \/>\n<meta property=\"og:site_name\" content=\"Gerstlauer\" \/>\n<meta property=\"article:modified_time\" content=\"2024-12-06T11:56:12+00:00\" \/>\n<meta property=\"og:image\" content=\"https:\/\/gerstlauer.com\/wp-content\/uploads\/2024\/09\/Open-Graph-Image_Zeichenflache-1-scaled.jpg\" \/>\n\t<meta property=\"og:image:width\" content=\"2560\" \/>\n\t<meta property=\"og:image:height\" content=\"1440\" \/>\n\t<meta property=\"og:image:type\" content=\"image\/jpeg\" \/>\n<meta name=\"twitter:card\" content=\"summary_large_image\" \/>\n<meta name=\"twitter:label1\" content=\"Dur\u00e9e de lecture estim\u00e9e\" \/>\n\t<meta name=\"twitter:data1\" content=\"8 minutes\" \/>\n<script type=\"application\/ld+json\" class=\"yoast-schema-graph\">{\"@context\":\"https:\/\/schema.org\",\"@graph\":[{\"@type\":\"WebPage\",\"@id\":\"https:\/\/gerstlauer.com\/fr\/mentions-legales\/\",\"url\":\"https:\/\/gerstlauer.com\/fr\/mentions-legales\/\",\"name\":\"Gerstlauer\",\"isPartOf\":{\"@id\":\"https:\/\/gerstlauer.com\/fr\/#website\"},\"datePublished\":\"2024-09-18T13:56:11+00:00\",\"dateModified\":\"2024-12-06T11:56:12+00:00\",\"description\":\"Dans nos mentions l\u00e9gales, vous trouverez toutes les informations de contact importantes concernant notre site web Gerstlauer Spedition + Logistik GmbH.\",\"breadcrumb\":{\"@id\":\"https:\/\/gerstlauer.com\/fr\/mentions-legales\/#breadcrumb\"},\"inLanguage\":\"fr-FR\",\"potentialAction\":[{\"@type\":\"ReadAction\",\"target\":[\"https:\/\/gerstlauer.com\/fr\/mentions-legales\/\"]}]},{\"@type\":\"BreadcrumbList\",\"@id\":\"https:\/\/gerstlauer.com\/fr\/mentions-legales\/#breadcrumb\",\"itemListElement\":[{\"@type\":\"ListItem\",\"position\":1,\"name\":\"Home\",\"item\":\"https:\/\/gerstlauer.com\/fr\/lancement\/\"},{\"@type\":\"ListItem\",\"position\":2,\"name\":\"Mentions l\u00e9gales\"}]},{\"@type\":\"WebSite\",\"@id\":\"https:\/\/gerstlauer.com\/fr\/#website\",\"url\":\"https:\/\/gerstlauer.com\/fr\/\",\"name\":\"Gerstlauer\",\"description\":\"\",\"potentialAction\":[{\"@type\":\"SearchAction\",\"target\":{\"@type\":\"EntryPoint\",\"urlTemplate\":\"https:\/\/gerstlauer.com\/fr\/?s={search_term_string}\"},\"query-input\":{\"@type\":\"PropertyValueSpecification\",\"valueRequired\":true,\"valueName\":\"search_term_string\"}}],\"inLanguage\":\"fr-FR\"}]}<\/script>\n<!-- \/ Yoast SEO plugin. -->","yoast_head_json":{"title":"Gerstlauer","description":"Dans nos mentions l\u00e9gales, vous trouverez toutes les informations de contact importantes concernant notre site web Gerstlauer Spedition + Logistik GmbH.","robots":{"index":"noindex","follow":"follow"},"og_locale":"fr_FR","og_type":"article","og_title":"Gerstlauer","og_description":"Dans nos mentions l\u00e9gales, vous trouverez toutes les informations de contact importantes concernant notre site web Gerstlauer Spedition + Logistik GmbH.","og_url":"https:\/\/gerstlauer.com\/fr\/mentions-legales\/","og_site_name":"Gerstlauer","article_modified_time":"2024-12-06T11:56:12+00:00","og_image":[{"width":2560,"height":1440,"url":"https:\/\/gerstlauer.com\/wp-content\/uploads\/2024\/09\/Open-Graph-Image_Zeichenflache-1-scaled.jpg","type":"image\/jpeg"}],"twitter_card":"summary_large_image","twitter_misc":{"Dur\u00e9e de lecture estim\u00e9e":"8 minutes"},"schema":{"@context":"https:\/\/schema.org","@graph":[{"@type":"WebPage","@id":"https:\/\/gerstlauer.com\/fr\/mentions-legales\/","url":"https:\/\/gerstlauer.com\/fr\/mentions-legales\/","name":"Gerstlauer","isPartOf":{"@id":"https:\/\/gerstlauer.com\/fr\/#website"},"datePublished":"2024-09-18T13:56:11+00:00","dateModified":"2024-12-06T11:56:12+00:00","description":"Dans nos mentions l\u00e9gales, vous trouverez toutes les informations de contact importantes concernant notre site web Gerstlauer Spedition + Logistik GmbH.","breadcrumb":{"@id":"https:\/\/gerstlauer.com\/fr\/mentions-legales\/#breadcrumb"},"inLanguage":"fr-FR","potentialAction":[{"@type":"ReadAction","target":["https:\/\/gerstlauer.com\/fr\/mentions-legales\/"]}]},{"@type":"BreadcrumbList","@id":"https:\/\/gerstlauer.com\/fr\/mentions-legales\/#breadcrumb","itemListElement":[{"@type":"ListItem","position":1,"name":"Home","item":"https:\/\/gerstlauer.com\/fr\/lancement\/"},{"@type":"ListItem","position":2,"name":"Mentions l\u00e9gales"}]},{"@type":"WebSite","@id":"https:\/\/gerstlauer.com\/fr\/#website","url":"https:\/\/gerstlauer.com\/fr\/","name":"Gerstlauer","description":"","potentialAction":[{"@type":"SearchAction","target":{"@type":"EntryPoint","urlTemplate":"https:\/\/gerstlauer.com\/fr\/?s={search_term_string}"},"query-input":{"@type":"PropertyValueSpecification","valueRequired":true,"valueName":"search_term_string"}}],"inLanguage":"fr-FR"}]}},"_links":{"self":[{"href":"https:\/\/gerstlauer.com\/fr\/wp-json\/wp\/v2\/pages\/3638","targetHints":{"allow":["GET"]}}],"collection":[{"href":"https:\/\/gerstlauer.com\/fr\/wp-json\/wp\/v2\/pages"}],"about":[{"href":"https:\/\/gerstlauer.com\/fr\/wp-json\/wp\/v2\/types\/page"}],"author":[{"embeddable":true,"href":"https:\/\/gerstlauer.com\/fr\/wp-json\/wp\/v2\/users\/1"}],"replies":[{"embeddable":true,"href":"https:\/\/gerstlauer.com\/fr\/wp-json\/wp\/v2\/comments?post=3638"}],"version-history":[{"count":10,"href":"https:\/\/gerstlauer.com\/fr\/wp-json\/wp\/v2\/pages\/3638\/revisions"}],"predecessor-version":[{"id":3683,"href":"https:\/\/gerstlauer.com\/fr\/wp-json\/wp\/v2\/pages\/3638\/revisions\/3683"}],"wp:attachment":[{"href":"https:\/\/gerstlauer.com\/fr\/wp-json\/wp\/v2\/media?parent=3638"}],"curies":[{"name":"wp","href":"https:\/\/api.w.org\/{rel}","templated":true}]}}